{"id":39,"date":"2025-07-23T19:02:41","date_gmt":"2025-07-23T17:02:41","guid":{"rendered":"http:\/\/solutionfrelons.com\/?page_id=39"},"modified":"2025-07-25T14:36:27","modified_gmt":"2025-07-25T12:36:27","slug":"accueil","status":"publish","type":"page","link":"https:\/\/solutionfrelons.com\/","title":{"rendered":""},"content":{"rendered":"\n<h1 class=\"wp-block-heading\">Solution Frelons<\/h1>\n\n\n\n<div class=\"wp-block-group is-layout-constrained wp-block-group-is-layout-constrained\">\n<p><strong>Destruction de nids de frelons et de gu\u00eapes en Corr\u00e8ze<\/strong><\/p>\n\n\n\n<p>\ud83d\udccd Situ\u00e9 \u00e0 Ste F\u00e9r\u00e9ole, j&rsquo;interviens surtout en Corr\u00e8ze, mais aussi Creuse, Haute-Vienne, Lot, Cantal et Dordogne<\/p>\n\n\n\n<p>\u2705 Intervention rapide \u2013 7j\/7<br>\u2705 Frelons asiatiques \/ europ\u00e9ens, gu\u00eapes<br>\u2705 Tarif clair, sans engagement<\/p>\n<\/div>\n\n\n\n<p><\/p>\n\n\n\n<div class=\"wp-block-buttons is-layout-flex wp-block-buttons-is-layout-flex\">\n<div class=\"wp-block-button\"><a class=\"wp-block-button__link wp-element-button\" href=\"tel:0673552242\">\ud83d\udcde Appeler maintenant : 06 73 55 22 42<\/a><\/div>\n<\/div>\n\n\n\n<h2 class=\"wp-block-heading\">Zones d&rsquo;intervention<\/h2>\n\n\n\n<p>J\u2019interviens rapidement dans toute la Corr\u00e8ze :<\/p>\n\n\n\n<p>\ud83d\udfe1 Brive-la-Gaillarde<br>\ud83d\udfe1 Tulle, Ussel, Egletons<br>\ud83d\udfe1 Objat, Allassac<br>\ud83d\udfe1 Uzerche<br>\ud83d\udfe1 Donzenac, Malemort et alentours<\/p>\n\n\n\n<p>\ud83d\udccd Si vous \u00eates \u00e0 moins de 30 km de Brive, contactez-moi !<\/p>\n\n\n\n<div class=\"wp-block-cover\" style=\"min-height:617px;aspect-ratio:unset;\"><img loading=\"lazy\" decoding=\"async\" width=\"1024\" height=\"683\" class=\"wp-block-cover__image-background wp-image-58 size-large\" alt=\"Nid de frelons Corr\u00e8ze\" src=\"https:\/\/solutionfrelons.com\/wp-content\/uploads\/2025\/07\/ChatGPT-Image-23-juil.-2025-19_54_44-1024x683.png\" data-object-fit=\"cover\" srcset=\"https:\/\/solutionfrelons.com\/wp-content\/uploads\/2025\/07\/ChatGPT-Image-23-juil.-2025-19_54_44-1024x683.png 1024w, https:\/\/solutionfrelons.com\/wp-content\/uploads\/2025\/07\/ChatGPT-Image-23-juil.-2025-19_54_44-300x200.png 300w, https:\/\/solutionfrelons.com\/wp-content\/uploads\/2025\/07\/ChatGPT-Image-23-juil.-2025-19_54_44-768x512.png 768w, https:\/\/solutionfrelons.com\/wp-content\/uploads\/2025\/07\/ChatGPT-Image-23-juil.-2025-19_54_44.png 1536w\" sizes=\"auto, (max-width: 1024px) 100vw, 1024px\" \/><span aria-hidden=\"true\" class=\"wp-block-cover__background has-background-dim\" style=\"background-color:#50330f\"><\/span><div class=\"wp-block-cover__inner-container is-layout-constrained wp-block-cover-is-layout-constrained\">\n<p class=\"has-text-align-center has-large-font-size\"><\/p>\n<\/div><\/div>\n\n\n\n<p><\/p>\n\n\n\n<h2 class=\"wp-block-heading\">Interventions \u00e0 toutes hauteurs<\/h2>\n\n\n\n<p>\ud83c\udf32 Nids en hauteur, toitures, arbres, chemin\u00e9es, cabanons, greniers\u2026<br>Aucune difficult\u00e9 : je suis \u00e9quip\u00e9 pour intervenir <strong>en toute s\u00e9curit\u00e9<\/strong>, m\u00eame en acc\u00e8s difficile. Perche allant jusqu&rsquo;\u00e0 22 m\u00e8tres, ou utilisation d&rsquo;une nacelle.<\/p>\n\n\n\n<p>\u2705 Travail soign\u00e9<br>\u2705 Mat\u00e9riel professionnel<br>\u2705 Protection de l\u2019environnement<\/p>\n\n\n\n<p>\ud83d\udcde Un doute ? Appelez-moi pour \u00e9valuer la situation gratuitement.<\/p>\n\n\n\n<div class=\"wp-block-buttons is-layout-flex wp-block-buttons-is-layout-flex\">\n<div class=\"wp-block-button\"><a class=\"wp-block-button__link wp-element-button\" href=\"tel:0673552242\">\ud83d\udcde Appeler maintenant : 06 73 55 22 42<\/a><\/div>\n<\/div>\n\n\n\n<figure class=\"wp-block-gallery has-nested-images columns-default is-cropped wp-block-gallery-1 is-layout-flex wp-block-gallery-is-layout-flex\">\n<figure class=\"wp-block-image size-large\"><img loading=\"lazy\" decoding=\"async\" width=\"768\" height=\"1024\" data-id=\"83\" src=\"https:\/\/solutionfrelons.com\/wp-content\/uploads\/2025\/07\/IMG_8045-768x1024.jpeg\" alt=\"\" class=\"wp-image-83\" srcset=\"https:\/\/solutionfrelons.com\/wp-content\/uploads\/2025\/07\/IMG_8045-768x1024.jpeg 768w, https:\/\/solutionfrelons.com\/wp-content\/uploads\/2025\/07\/IMG_8045-225x300.jpeg 225w, https:\/\/solutionfrelons.com\/wp-content\/uploads\/2025\/07\/IMG_8045-1152x1536.jpeg 1152w, https:\/\/solutionfrelons.com\/wp-content\/uploads\/2025\/07\/IMG_8045-1536x2048.jpeg 1536w, https:\/\/solutionfrelons.com\/wp-content\/uploads\/2025\/07\/IMG_8045-scaled.jpeg 1920w\" sizes=\"auto, (max-width: 768px) 100vw, 768px\" \/><\/figure>\n\n\n\n<figure class=\"wp-block-image size-large\"><img loading=\"lazy\" decoding=\"async\" width=\"768\" height=\"1024\" data-id=\"82\" src=\"https:\/\/solutionfrelons.com\/wp-content\/uploads\/2025\/07\/IMG_8044-768x1024.jpeg\" alt=\"\" class=\"wp-image-82\" srcset=\"https:\/\/solutionfrelons.com\/wp-content\/uploads\/2025\/07\/IMG_8044-768x1024.jpeg 768w, https:\/\/solutionfrelons.com\/wp-content\/uploads\/2025\/07\/IMG_8044-225x300.jpeg 225w, https:\/\/solutionfrelons.com\/wp-content\/uploads\/2025\/07\/IMG_8044-1152x1536.jpeg 1152w, https:\/\/solutionfrelons.com\/wp-content\/uploads\/2025\/07\/IMG_8044-1536x2048.jpeg 1536w, https:\/\/solutionfrelons.com\/wp-content\/uploads\/2025\/07\/IMG_8044-scaled.jpeg 1920w\" sizes=\"auto, (max-width: 768px) 100vw, 768px\" \/><\/figure>\n\n\n\n<figure class=\"wp-block-image size-large\"><img loading=\"lazy\" decoding=\"async\" width=\"768\" height=\"1024\" data-id=\"81\" src=\"https:\/\/solutionfrelons.com\/wp-content\/uploads\/2025\/07\/IMG_8047-768x1024.jpeg\" alt=\"\" class=\"wp-image-81\" srcset=\"https:\/\/solutionfrelons.com\/wp-content\/uploads\/2025\/07\/IMG_8047-768x1024.jpeg 768w, https:\/\/solutionfrelons.com\/wp-content\/uploads\/2025\/07\/IMG_8047-225x300.jpeg 225w, https:\/\/solutionfrelons.com\/wp-content\/uploads\/2025\/07\/IMG_8047-1152x1536.jpeg 1152w, https:\/\/solutionfrelons.com\/wp-content\/uploads\/2025\/07\/IMG_8047-1536x2048.jpeg 1536w, https:\/\/solutionfrelons.com\/wp-content\/uploads\/2025\/07\/IMG_8047-scaled.jpeg 1920w\" sizes=\"auto, (max-width: 768px) 100vw, 768px\" \/><\/figure>\n<\/figure>\n","protected":false},"excerpt":{"rendered":"<p>Solution Frelons Destruction de nids de frelons et de gu\u00eapes en Corr\u00e8ze \ud83d\udccd Situ\u00e9 \u00e0 Ste F\u00e9r\u00e9ole, j&rsquo;interviens surtout en [&hellip;]<\/p>\n","protected":false},"author":1,"featured_media":0,"parent":0,"menu_order":0,"comment_status":"closed","ping_status":"closed","template":"","meta":{"site-sidebar-layout":"default","site-content-layout":"","ast-site-content-layout":"default","site-content-style":"default","site-sidebar-style":"default","ast-global-header-display":"","ast-banner-title-visibility":"","ast-main-header-display":"","ast-hfb-above-header-display":"","ast-hfb-below-header-display":"","ast-hfb-mobile-header-display":"","site-post-title":"","ast-breadcrumbs-content":"","ast-featured-img":"","footer-sml-layout":"","theme-transparent-header-meta":"","adv-header-id-meta":"","stick-header-meta":"","header-above-stick-meta":"","header-main-stick-meta":"","header-below-stick-meta":"","astra-migrate-meta-layouts":"default","ast-page-background-enabled":"default","ast-page-background-meta":{"desktop":{"background-color":"var(--ast-global-color-5)","background-image":"","background-repeat":"repeat","background-position":"center center","background-size":"auto","background-attachment":"scroll","background-type":"","background-media":"","overlay-type":"","overlay-color":"","overlay-opacity":"","overlay-gradient":""},"tablet":{"background-color":"","background-image":"","background-repeat":"repeat","background-position":"center center","background-size":"auto","background-attachment":"scroll","background-type":"","background-media":"","overlay-type":"","overlay-color":"","overlay-opacity":"","overlay-gradient":""},"mobile":{"background-color":"","background-image":"","background-repeat":"repeat","background-position":"center center","background-size":"auto","background-attachment":"scroll","background-type":"","background-media":"","overlay-type":"","overlay-color":"","overlay-opacity":"","overlay-gradient":""}},"ast-content-background-meta":{"desktop":{"background-color":"var(--ast-global-color-4)","background-image":"","background-repeat":"repeat","background-position":"center center","background-size":"auto","background-attachment":"scroll","background-type":"","background-media":"","overlay-type":"","overlay-color":"","overlay-opacity":"","overlay-gradient":""},"tablet":{"background-color":"var(--ast-global-color-4)","background-image":"","background-repeat":"repeat","background-position":"center center","background-size":"auto","background-attachment":"scroll","background-type":"","background-media":"","overlay-type":"","overlay-color":"","overlay-opacity":"","overlay-gradient":""},"mobile":{"background-color":"var(--ast-global-color-4)","background-image":"","background-repeat":"repeat","background-position":"center center","background-size":"auto","background-attachment":"scroll","background-type":"","background-media":"","overlay-type":"","overlay-color":"","overlay-opacity":"","overlay-gradient":""}},"footnotes":""},"class_list":["post-39","page","type-page","status-publish","hentry"],"_links":{"self":[{"href":"https:\/\/solutionfrelons.com\/index.php?rest_route=\/wp\/v2\/pages\/39","targetHints":{"allow":["GET"]}}],"collection":[{"href":"https:\/\/solutionfrelons.com\/index.php?rest_route=\/wp\/v2\/pages"}],"about":[{"href":"https:\/\/solutionfrelons.com\/index.php?rest_route=\/wp\/v2\/types\/page"}],"author":[{"embeddable":true,"href":"https:\/\/solutionfrelons.com\/index.php?rest_route=\/wp\/v2\/users\/1"}],"replies":[{"embeddable":true,"href":"https:\/\/solutionfrelons.com\/index.php?rest_route=%2Fwp%2Fv2%2Fcomments&post=39"}],"version-history":[{"count":21,"href":"https:\/\/solutionfrelons.com\/index.php?rest_route=\/wp\/v2\/pages\/39\/revisions"}],"predecessor-version":[{"id":85,"href":"https:\/\/solutionfrelons.com\/index.php?rest_route=\/wp\/v2\/pages\/39\/revisions\/85"}],"wp:attachment":[{"href":"https:\/\/solutionfrelons.com\/index.php?rest_route=%2Fwp%2Fv2%2Fmedia&parent=39"}],"curies":[{"name":"wp","href":"https:\/\/api.w.org\/{rel}","templated":true}]}}